{"id":685,"date":"2025-10-06T15:13:54","date_gmt":"2025-10-06T19:13:54","guid":{"rendered":"https:\/\/guyduval.com\/guyduvalinc\/?page_id=685"},"modified":"2025-10-06T15:30:30","modified_gmt":"2025-10-06T19:30:30","slug":"elementor-page-685","status":"publish","type":"page","link":"https:\/\/guyduval.com\/guyduvalinc\/?page_id=685","title":{"rendered":"Rendez-vous"},"content":{"rendered":"\t\t<div data-elementor-type=\"wp-page\" data-elementor-id=\"685\" class=\"elementor elementor-685\">\n\t\t\t\t<div class=\"elementor-element elementor-element-8b74909 e-flex e-con-boxed e-con e-parent\" data-id=\"8b74909\" data-element_type=\"container\">\n\t\t\t\t\t<div class=\"e-con-inner\">\n\t\t\t\t<div class=\"elementor-element elementor-element-afa934a elementor-widget elementor-widget-text-editor\" data-id=\"afa934a\" data-element_type=\"widget\" data-widget_type=\"text-editor.default\">\n\t\t\t\t\t\t\t\t\t<p>Afin de mieux vous servir, nous fonctionnons d\u00e9sormais sur rendez-vous afin de limiter le nombre de clients dans nos locaux. Nous sommes soucieux de vous offrir une exp\u00e9rience client des plus agr\u00e9ables. Dans cette optique, vous offrir des plages de rendez-vous est notre fa\u00e7on d\u2019am\u00e9liorer le temps d\u2019attente g\u00e9n\u00e9ral.<\/p><p>Les rendez-vous concernent les motifs suivants :<br \/>\u2013\u00a0<em>Rencontrer un conseill\u00e9 pour le d\u00e9p\u00f4t de vos documents<\/em><br \/><em>\u2013 R\u00e9cup\u00e9rer votre d\u00e9claration<\/em><\/p>\t\t\t\t\t\t\t\t<\/div>\n\t\t\t\t\t<\/div>\n\t\t\t\t<\/div>\n\t\t<div class=\"elementor-element elementor-element-b954174 e-flex e-con-boxed e-con e-parent\" data-id=\"b954174\" data-element_type=\"container\">\n\t\t\t\t\t<div class=\"e-con-inner\">\n\t\t\t\t<div class=\"elementor-element elementor-element-d73e20c elementor-align-center elementor-widget elementor-widget-button\" data-id=\"d73e20c\" data-element_type=\"widget\" data-widget_type=\"button.default\">\n\t\t\t\t\t\t\t\t\t\t<a class=\"elementor-button elementor-button-link elementor-size-sm\" href=\"https:\/\/book.timify.com\/?accountId=5efa47f010958112ce37b57c&#038;hideCloseButton=true&#038;fbclid=IwAR2ioi0mTf5vkCi6m0zGsuwFpg9Sc6dQ6UJ1XOYSFNejBg2wuZ-qcMiBcFc\">\n\t\t\t\t\t\t<span class=\"elementor-button-content-wrapper\">\n\t\t\t\t\t\t\t\t\t<span class=\"elementor-button-text\">Cliquez ici<\/span>\n\t\t\t\t\t<\/span>\n\t\t\t\t\t<\/a>\n\t\t\t\t\t\t\t\t<\/div>\n\t\t\t\t\t<\/div>\n\t\t\t\t<\/div>\n\t\t\t\t<\/div>\n\t\t","protected":false},"excerpt":{"rendered":"<p>Afin de mieux vous servir, nous fonctionnons d\u00e9sormais sur rendez-vous afin de limiter le nombre de clients dans nos locaux. Nous sommes soucieux de vous offrir une exp\u00e9rience client des plus agr\u00e9ables. Dans cette optique, vous offrir des plages de rendez-vous est notre fa\u00e7on d\u2019am\u00e9liorer le temps d\u2019attente g\u00e9n\u00e9ral. Les &hellip;<\/p>\n","protected":false},"author":1,"featured_media":0,"parent":0,"menu_order":0,"comment_status":"closed","ping_status":"closed","template":"","meta":{"footnotes":""},"class_list":["post-685","page","type-page","status-publish","hentry"],"_links":{"self":[{"href":"https:\/\/guyduval.com\/guyduvalinc\/index.php?rest_route=\/wp\/v2\/pages\/685","targetHints":{"allow":["GET"]}}],"collection":[{"href":"https:\/\/guyduval.com\/guyduvalinc\/index.php?rest_route=\/wp\/v2\/pages"}],"about":[{"href":"https:\/\/guyduval.com\/guyduvalinc\/index.php?rest_route=\/wp\/v2\/types\/page"}],"author":[{"embeddable":true,"href":"https:\/\/guyduval.com\/guyduvalinc\/index.php?rest_route=\/wp\/v2\/users\/1"}],"replies":[{"embeddable":true,"href":"https:\/\/guyduval.com\/guyduvalinc\/index.php?rest_route=%2Fwp%2Fv2%2Fcomments&post=685"}],"version-history":[{"count":14,"href":"https:\/\/guyduval.com\/guyduvalinc\/index.php?rest_route=\/wp\/v2\/pages\/685\/revisions"}],"predecessor-version":[{"id":702,"href":"https:\/\/guyduval.com\/guyduvalinc\/index.php?rest_route=\/wp\/v2\/pages\/685\/revisions\/702"}],"wp:attachment":[{"href":"https:\/\/guyduval.com\/guyduvalinc\/index.php?rest_route=%2Fwp%2Fv2%2Fmedia&parent=685"}],"curies":[{"name":"wp","href":"https:\/\/api.w.org\/{rel}","templated":true}]}}