{"id":677,"date":"2025-10-06T15:12:29","date_gmt":"2025-10-06T19:12:29","guid":{"rendered":"https:\/\/guyduval.com\/guyduvalinc\/?page_id=677"},"modified":"2025-10-06T15:22:36","modified_gmt":"2025-10-06T19:22:36","slug":"elementor-page-677","status":"publish","type":"page","link":"https:\/\/guyduval.com\/guyduvalinc\/?page_id=677","title":{"rendered":"Archives"},"content":{"rendered":"\t\t<div data-elementor-type=\"wp-page\" data-elementor-id=\"677\" class=\"elementor elementor-677\">\n\t\t\t\t<div class=\"elementor-element elementor-element-7962619 e-flex e-con-boxed e-con e-parent\" data-id=\"7962619\" data-element_type=\"container\">\n\t\t\t\t\t<div class=\"e-con-inner\">\n\t\t\t\t<div class=\"elementor-element elementor-element-9bd97ff elementor-widget elementor-widget-text-editor\" data-id=\"9bd97ff\" data-element_type=\"widget\" data-widget_type=\"text-editor.default\">\n\t\t\t\t\t\t\t\t\t<header><h1 class=\"entry-title\">Historique<\/h1><\/header><div class=\"entry-content\"><p>L\u2019entreprise Guy Duval inc. est avant tout une entreprise familiale. Effectivement, c\u2019est Guy Duval, avec son \u00e9pouse Denise, que l\u2019entreprise a vu le jour en 1980 . Par la suite, les s\u0153urs Sylvie et Danielle se sont jointes \u00e0 l\u2019\u00e9quipe et elles ont travaill\u00e9 tr\u00e8s fort. Puis, les petits-enfants se sont, \u00e9galement, joints au fil du temps. Si vous \u00eates chanceux, vous pourriez m\u00eame apercevoir les arri\u00e8res petits enfants dans nos locaux.<\/p><p>\u00a0<br \/>Environ vingt ans plus tard, Guy Duval inc. donna lieu \u00e0 service comptable Danielle Duval inc. Prendre note qu\u2019il s\u2019agit bien des deux s\u0153urs Duval, mais leurs bureaux fonctionnent ind\u00e9pendamment l\u2019un de l\u2019autre et sont compl\u00e8tement autonomes.<\/p><p><br \/>L\u2019entreprise conna\u00eet une croissance de sa client\u00e8le, d\u2019ann\u00e9e en ann\u00e9e, par un bouche \u00e0 l \u2019oreille remarquable. Il faut souligner que si cette publicit\u00e9 fonctionne aussi bien, c\u2019est qu\u2019avant tout, nous cherchons \u00e0 satisfaire les clients du mieux que l\u2019on peut.<\/p><\/div>\t\t\t\t\t\t\t\t<\/div>\n\t\t\t\t\t<\/div>\n\t\t\t\t<\/div>\n\t\t<div class=\"elementor-element elementor-element-3868883 e-flex e-con-boxed e-con e-parent\" data-id=\"3868883\" data-element_type=\"container\">\n\t\t\t\t\t<div class=\"e-con-inner\">\n\t\t\t\t<div class=\"elementor-element elementor-element-a74e09a elementor-widget elementor-widget-image\" data-id=\"a74e09a\" data-element_type=\"widget\" data-widget_type=\"image.default\">\n\t\t\t\t\t\t\t\t\t\t\t\t\t\t\t<img fetchpriority=\"high\" decoding=\"async\" width=\"275\" height=\"183\" src=\"https:\/\/guyduval.com\/guyduvalinc\/wp-content\/uploads\/2022\/02\/telecharger.jpg\" class=\"attachment-large size-large wp-image-400\" alt=\"\" \/>\t\t\t\t\t\t\t\t\t\t\t\t\t\t\t<\/div>\n\t\t\t\t\t<\/div>\n\t\t\t\t<\/div>\n\t\t\t\t<\/div>\n\t\t","protected":false},"excerpt":{"rendered":"<p>Historique L\u2019entreprise Guy Duval inc. est avant tout une entreprise familiale. Effectivement, c\u2019est Guy Duval, avec son \u00e9pouse Denise, que l\u2019entreprise a vu le jour en 1980 . Par la suite, les s\u0153urs Sylvie et Danielle se sont jointes \u00e0 l\u2019\u00e9quipe et elles ont travaill\u00e9 tr\u00e8s fort. Puis, les petits-enfants &hellip;<\/p>\n","protected":false},"author":1,"featured_media":0,"parent":0,"menu_order":0,"comment_status":"closed","ping_status":"closed","template":"","meta":{"footnotes":""},"class_list":["post-677","page","type-page","status-publish","hentry"],"_links":{"self":[{"href":"https:\/\/guyduval.com\/guyduvalinc\/index.php?rest_route=\/wp\/v2\/pages\/677","targetHints":{"allow":["GET"]}}],"collection":[{"href":"https:\/\/guyduval.com\/guyduvalinc\/index.php?rest_route=\/wp\/v2\/pages"}],"about":[{"href":"https:\/\/guyduval.com\/guyduvalinc\/index.php?rest_route=\/wp\/v2\/types\/page"}],"author":[{"embeddable":true,"href":"https:\/\/guyduval.com\/guyduvalinc\/index.php?rest_route=\/wp\/v2\/users\/1"}],"replies":[{"embeddable":true,"href":"https:\/\/guyduval.com\/guyduvalinc\/index.php?rest_route=%2Fwp%2Fv2%2Fcomments&post=677"}],"version-history":[{"count":9,"href":"https:\/\/guyduval.com\/guyduvalinc\/index.php?rest_route=\/wp\/v2\/pages\/677\/revisions"}],"predecessor-version":[{"id":698,"href":"https:\/\/guyduval.com\/guyduvalinc\/index.php?rest_route=\/wp\/v2\/pages\/677\/revisions\/698"}],"wp:attachment":[{"href":"https:\/\/guyduval.com\/guyduvalinc\/index.php?rest_route=%2Fwp%2Fv2%2Fmedia&parent=677"}],"curies":[{"name":"wp","href":"https:\/\/api.w.org\/{rel}","templated":true}]}}