{"id":639,"date":"2025-10-06T07:02:08","date_gmt":"2025-10-06T11:02:08","guid":{"rendered":"https:\/\/guyduval.com\/guyduvalinc\/?page_id=639"},"modified":"2025-10-06T14:50:10","modified_gmt":"2025-10-06T18:50:10","slug":"bienvenue-3","status":"publish","type":"page","link":"https:\/\/guyduval.com\/guyduvalinc\/","title":{"rendered":"Au c\u0153ur de votre confiance"},"content":{"rendered":"\t\t<div data-elementor-type=\"wp-page\" data-elementor-id=\"639\" class=\"elementor elementor-639\">\n\t\t\t\t<div class=\"elementor-element elementor-element-933f868 e-flex e-con-boxed e-con e-parent\" data-id=\"933f868\" data-element_type=\"container\">\n\t\t\t\t\t<div class=\"e-con-inner\">\n\t\t\t\t<div class=\"elementor-element elementor-element-2ed9df6 elementor-widget elementor-widget-text-editor\" data-id=\"2ed9df6\" data-element_type=\"widget\" data-widget_type=\"text-editor.default\">\n\t\t\t\t\t\t\t\t\t<h3 data-start=\"299\" data-end=\"339\"><strong data-start=\"306\" data-end=\"339\">Bienvenue chez Guy Duval Inc.<\/strong><\/h3><p data-start=\"341\" data-end=\"582\">Depuis plus de 40 ans, Guy Duval Inc<strong data-start=\"364\" data-end=\"382\">.<\/strong> accompagne sa client\u00e8le fid\u00e8le avec rigueur, professionnalisme et respect.<br data-start=\"457\" data-end=\"460\" \/>Nous mettons tout en \u0153uvre pour assurer un service constant et de qualit\u00e9, fond\u00e9 sur la confiance et la confidentialit\u00e9.<\/p><p data-start=\"735\" data-end=\"871\">Notre \u00e9quipe demeure engag\u00e9e \u00e0 offrir un accompagnement personnalis\u00e9 \u00e0 chaque personne d\u00e9j\u00e0 membre de la grande famille Guy Duval Inc.<\/p><p data-start=\"873\" data-end=\"928\">\ud83e\udd1d <strong data-start=\"876\" data-end=\"926\">Merci pour votre confiance, ann\u00e9e apr\u00e8s ann\u00e9e.<br \/><\/strong><\/p>\t\t\t\t\t\t\t\t<\/div>\n\t\t\t\t<div class=\"elementor-element elementor-element-0751c31 elementor-widget-divider--view-line elementor-widget elementor-widget-divider\" data-id=\"0751c31\" data-element_type=\"widget\" data-widget_type=\"divider.default\">\n\t\t\t\t\t\t\t<div class=\"elementor-divider\">\n\t\t\t<span class=\"elementor-divider-separator\">\n\t\t\t\t\t\t<\/span>\n\t\t<\/div>\n\t\t\t\t\t\t<\/div>\n\t\t\t\t\t<\/div>\n\t\t\t\t<\/div>\n\t\t<div class=\"elementor-element elementor-element-dfb02af e-con-full e-flex e-con e-parent\" data-id=\"dfb02af\" data-element_type=\"container\">\n\t\t\t\t<div class=\"elementor-element elementor-element-e9e5eae elementor-widget elementor-widget-google_maps\" data-id=\"e9e5eae\" data-element_type=\"widget\" data-widget_type=\"google_maps.default\">\n\t\t\t\t\t\t\t<div class=\"elementor-custom-embed\">\n\t\t\t<iframe loading=\"lazy\"\n\t\t\t\t\tsrc=\"https:\/\/maps.google.com\/maps?q=7195%20boul%20des%20forges%2C%20trois-rivi%C3%A8res&#038;t=m&#038;z=10&#038;output=embed&#038;iwloc=near\"\n\t\t\t\t\ttitle=\"7195 boul des forges, trois-rivi\u00e8res\"\n\t\t\t\t\taria-label=\"7195 boul des forges, trois-rivi\u00e8res\"\n\t\t\t><\/iframe>\n\t\t<\/div>\n\t\t\t\t\t\t<\/div>\n\t\t\t\t<\/div>\n\t\t<div class=\"elementor-element elementor-element-d5b6227 e-flex e-con-boxed e-con e-parent\" data-id=\"d5b6227\" data-element_type=\"container\">\n\t\t\t\t\t<div class=\"e-con-inner\">\n\t\t\t\t\t<\/div>\n\t\t\t\t<\/div>\n\t\t\t\t<\/div>\n\t\t","protected":false},"excerpt":{"rendered":"<p>Bienvenue chez Guy Duval Inc. Depuis plus de 40 ans, Guy Duval Inc. accompagne sa client\u00e8le fid\u00e8le avec rigueur, professionnalisme et respect.Nous mettons tout en \u0153uvre pour assurer un service constant et de qualit\u00e9, fond\u00e9 sur la confiance et la confidentialit\u00e9. Notre \u00e9quipe demeure engag\u00e9e \u00e0 offrir un accompagnement personnalis\u00e9 &hellip;<\/p>\n","protected":false},"author":1,"featured_media":0,"parent":0,"menu_order":0,"comment_status":"closed","ping_status":"closed","template":"","meta":{"footnotes":""},"class_list":["post-639","page","type-page","status-publish","hentry"],"_links":{"self":[{"href":"https:\/\/guyduval.com\/guyduvalinc\/index.php?rest_route=\/wp\/v2\/pages\/639","targetHints":{"allow":["GET"]}}],"collection":[{"href":"https:\/\/guyduval.com\/guyduvalinc\/index.php?rest_route=\/wp\/v2\/pages"}],"about":[{"href":"https:\/\/guyduval.com\/guyduvalinc\/index.php?rest_route=\/wp\/v2\/types\/page"}],"author":[{"embeddable":true,"href":"https:\/\/guyduval.com\/guyduvalinc\/index.php?rest_route=\/wp\/v2\/users\/1"}],"replies":[{"embeddable":true,"href":"https:\/\/guyduval.com\/guyduvalinc\/index.php?rest_route=%2Fwp%2Fv2%2Fcomments&post=639"}],"version-history":[{"count":28,"href":"https:\/\/guyduval.com\/guyduvalinc\/index.php?rest_route=\/wp\/v2\/pages\/639\/revisions"}],"predecessor-version":[{"id":672,"href":"https:\/\/guyduval.com\/guyduvalinc\/index.php?rest_route=\/wp\/v2\/pages\/639\/revisions\/672"}],"wp:attachment":[{"href":"https:\/\/guyduval.com\/guyduvalinc\/index.php?rest_route=%2Fwp%2Fv2%2Fmedia&parent=639"}],"curies":[{"name":"wp","href":"https:\/\/api.w.org\/{rel}","templated":true}]}}