{"id":306,"date":"2021-01-04T11:55:45","date_gmt":"2021-01-04T16:55:45","guid":{"rendered":"https:\/\/guyduval.com\/guyduvalinc\/?page_id=306"},"modified":"2025-10-06T15:51:02","modified_gmt":"2025-10-06T19:51:02","slug":"covid","status":"publish","type":"page","link":"https:\/\/guyduval.com\/guyduvalinc\/?page_id=306","title":{"rendered":"Nos proc\u00e9dures et politiques"},"content":{"rendered":"\t\t<div data-elementor-type=\"wp-page\" data-elementor-id=\"306\" class=\"elementor elementor-306\">\n\t\t\t\t<div class=\"elementor-element elementor-element-a5b42d0 e-flex e-con-boxed e-con e-parent\" data-id=\"a5b42d0\" data-element_type=\"container\">\n\t\t\t\t\t<div class=\"e-con-inner\">\n\t\t\t\t<div class=\"elementor-element elementor-element-6fdd2bb elementor-widget elementor-widget-text-editor\" data-id=\"6fdd2bb\" data-element_type=\"widget\" data-widget_type=\"text-editor.default\">\n\t\t\t\t\t\t\t\t\t<h3 data-start=\"127\" data-end=\"199\"><strong data-start=\"131\" data-end=\"199\">Transmission de vos documents pour l\u2019ann\u00e9e d\u2019imposition en cours<\/strong><\/h3><p data-start=\"201\" data-end=\"277\">Vous disposez de <strong data-start=\"218\" data-end=\"236\">quatre options<\/strong> pour nous faire parvenir vos documents :<\/p><ol data-start=\"279\" data-end=\"759\"><li data-start=\"279\" data-end=\"325\"><p data-start=\"282\" data-end=\"325\"><strong data-start=\"282\" data-end=\"322\">Via notre plateforme s\u00e9curis\u00e9e Onvio<\/strong>.<\/p><\/li><li data-start=\"326\" data-end=\"544\"><p data-start=\"329\" data-end=\"544\"><strong data-start=\"329\" data-end=\"344\">En personne<\/strong>, en d\u00e9posant vos documents dans la bo\u00eete aux lettres situ\u00e9e sous notre portique. Vous y trouverez des enveloppes, des crayons ainsi que les formulaires \u00e0 remplir relatifs \u00e0 votre situation fiscale.<\/p><\/li><li data-start=\"545\" data-end=\"639\"><p data-start=\"548\" data-end=\"639\"><strong data-start=\"548\" data-end=\"567\">Sur rendez-vous<\/strong>, pour rencontrer l\u2019une de nos conseill\u00e8res directement \u00e0 nos bureaux.<\/p><\/li><li data-start=\"640\" data-end=\"759\"><p data-start=\"643\" data-end=\"759\"><strong data-start=\"643\" data-end=\"659\">Par la poste<\/strong>, en prenant soin d\u2019inclure les formulaires requis disponibles sous l\u2019onglet : <em data-start=\"738\" data-end=\"756\">Documents utiles<\/em>.<\/p><\/li><\/ol><hr data-start=\"761\" data-end=\"764\" \/><h3 data-start=\"766\" data-end=\"818\"><strong data-start=\"770\" data-end=\"818\">Lorsque votre d\u00e9claration d\u2019imp\u00f4t sera pr\u00eate<\/strong><\/h3><p data-start=\"820\" data-end=\"907\">Nous vous contacterons d\u00e8s que votre d\u00e9claration sera compl\u00e9t\u00e9e.<br data-start=\"884\" data-end=\"887\" \/>Vous pourrez alors :<\/p><ul data-start=\"909\" data-end=\"1100\"><li data-start=\"909\" data-end=\"1008\"><p data-start=\"911\" data-end=\"1008\"><strong data-start=\"911\" data-end=\"939\">Planifier un rendez-vous<\/strong> pour venir signer et r\u00e9cup\u00e9rer votre d\u00e9claration en personne,<br data-start=\"1001\" data-end=\"1004\" \/>ou<\/p><\/li><li data-start=\"1009\" data-end=\"1100\"><p data-start=\"1011\" data-end=\"1100\"><strong data-start=\"1011\" data-end=\"1049\">Finaliser votre dossier \u00e0 distance<\/strong> gr\u00e2ce \u00e0 notre plateforme \u00e9lectronique <strong data-start=\"1088\" data-end=\"1097\">Onvio<\/strong>.<\/p><\/li><\/ul><hr data-start=\"1102\" data-end=\"1105\" \/><h3 data-start=\"1107\" data-end=\"1141\"><strong data-start=\"1111\" data-end=\"1141\">Modes de paiement accept\u00e9s<\/strong><\/h3><ul data-start=\"1143\" data-end=\"1230\"><li data-start=\"1143\" data-end=\"1162\"><p data-start=\"1145\" data-end=\"1162\">Carte de cr\u00e9dit<\/p><\/li><li data-start=\"1163\" data-end=\"1210\"><p data-start=\"1165\" data-end=\"1210\">Virement bancaire : <em data-start=\"1185\" data-end=\"1208\"><a class=\"decorated-link cursor-pointer\" rel=\"noopener\" data-start=\"1186\" data-end=\"1207\">paiement@guyduval.com<\/a><\/em><\/p><\/li><li data-start=\"1211\" data-end=\"1230\"><p data-start=\"1213\" data-end=\"1230\">Argent comptant<\/p><\/li><\/ul><hr data-start=\"1232\" data-end=\"1235\" \/><h3 data-start=\"1237\" data-end=\"1279\"><strong data-start=\"1241\" data-end=\"1279\">R\u00e9ception de votre rapport d\u2019imp\u00f4t<\/strong><\/h3><p data-start=\"1281\" data-end=\"1313\">Deux options s\u2019offrent \u00e0 vous :<\/p><ol data-start=\"1315\" data-end=\"1488\"><li data-start=\"1315\" data-end=\"1374\"><p data-start=\"1318\" data-end=\"1374\"><strong data-start=\"1318\" data-end=\"1340\">D\u00e9p\u00f4t \u00e9lectronique<\/strong> sur votre espace s\u00e9curis\u00e9 Onvio<\/p><\/li><li data-start=\"1422\" data-end=\"1488\"><p data-start=\"1425\" data-end=\"1488\"><strong data-start=\"1425\" data-end=\"1450\">Remise en main propre<\/strong> lors d\u2019un rendez-vous \u00e0 nos bureaux<\/p><\/li><\/ol><p>\u00a0<\/p><p>\u00a0<\/p>\t\t\t\t\t\t\t\t<\/div>\n\t\t\t\t\t<\/div>\n\t\t\t\t<\/div>\n\t\t<div class=\"elementor-element elementor-element-89f4fa2 e-flex e-con-boxed e-con e-parent\" data-id=\"89f4fa2\" data-element_type=\"container\">\n\t\t\t\t\t<div class=\"e-con-inner\">\n\t\t\t\t<div class=\"elementor-element elementor-element-9bace2c elementor-widget-divider--view-line elementor-widget elementor-widget-divider\" data-id=\"9bace2c\" data-element_type=\"widget\" data-widget_type=\"divider.default\">\n\t\t\t\t\t\t\t<div class=\"elementor-divider\">\n\t\t\t<span class=\"elementor-divider-separator\">\n\t\t\t\t\t\t<\/span>\n\t\t<\/div>\n\t\t\t\t\t\t<\/div>\n\t\t\t\t\t<\/div>\n\t\t\t\t<\/div>\n\t\t<div class=\"elementor-element elementor-element-584b9bf e-flex e-con-boxed e-con e-parent\" data-id=\"584b9bf\" data-element_type=\"container\">\n\t\t\t\t\t<div class=\"e-con-inner\">\n\t\t\t\t<div class=\"elementor-element elementor-element-252cada elementor-widget elementor-widget-text-editor\" data-id=\"252cada\" data-element_type=\"widget\" data-widget_type=\"text-editor.default\">\n\t\t\t\t\t\t\t\t\t<h3 data-start=\"158\" data-end=\"222\"><strong data-start=\"162\" data-end=\"222\">Politique de confidentialit\u00e9 et conditions d\u2019utilisation<\/strong><\/h3><p data-start=\"224\" data-end=\"364\">Conform\u00e9ment \u00e0 la <strong data-start=\"242\" data-end=\"252\">Loi 25<\/strong>, nous mettons \u00e0 votre disposition notre <strong data-start=\"293\" data-end=\"325\">politique de confidentialit\u00e9<\/strong> et nos <strong data-start=\"333\" data-end=\"361\">conditions d\u2019utilisation<\/strong>.<\/p><p data-start=\"366\" data-end=\"432\">\ud83d\udc49 Pour toute question, n\u2019h\u00e9sitez pas \u00e0 nous contacter.<\/p><hr data-start=\"434\" data-end=\"437\" \/><h3 data-start=\"439\" data-end=\"475\"><strong data-start=\"443\" data-end=\"475\">Politique de confidentialit\u00e9<\/strong><\/h3><p data-start=\"477\" data-end=\"641\">Nous prenons la protection de vos renseignements personnels tr\u00e8s au s\u00e9rieux.<br data-start=\"553\" data-end=\"556\" \/>Consultez notre politique compl\u00e8te ici :<br data-start=\"596\" data-end=\"599\" \/><a href=\"https:\/\/guyduval.com\/guyduvalinc\/wp-content\/uploads\/2025\/10\/Politique-de-confidentialite-et-conditions-d.docx\">Politique de confidentialit\u00e9 et conditions d&rsquo;utilisation<\/a><\/p><hr data-start=\"643\" data-end=\"646\" \/><h3 data-start=\"648\" data-end=\"692\"><strong data-start=\"652\" data-end=\"692\">Processus de traitement des plaintes<\/strong><\/h3><p data-start=\"694\" data-end=\"880\">Un <strong data-start=\"697\" data-end=\"737\">processus de traitement des plaintes<\/strong> a \u00e9t\u00e9 mis en place afin d\u2019assurer un suivi rigoureux et transparent.<br data-start=\"806\" data-end=\"809\" \/>Consultez le ici :<br \/><a href=\"https:\/\/guyduval.com\/guyduvalinc\/wp-content\/uploads\/2025\/10\/Processus-de-Traitement-des-Plaintes.docx\">Processus de Traitement des Plaintes<\/a><\/p>\t\t\t\t\t\t\t\t<\/div>\n\t\t\t\t\t<\/div>\n\t\t\t\t<\/div>\n\t\t\t\t<\/div>\n\t\t","protected":false},"excerpt":{"rendered":"<p>Transmission de vos documents pour l\u2019ann\u00e9e d\u2019imposition en cours Vous disposez de quatre options pour nous faire parvenir vos documents : Via notre plateforme s\u00e9curis\u00e9e Onvio. En personne, en d\u00e9posant vos documents dans la bo\u00eete aux lettres situ\u00e9e sous notre portique. Vous y trouverez des enveloppes, des crayons ainsi que &hellip;<\/p>\n","protected":false},"author":1,"featured_media":0,"parent":0,"menu_order":0,"comment_status":"closed","ping_status":"closed","template":"","meta":{"footnotes":""},"class_list":["post-306","page","type-page","status-publish","hentry"],"_links":{"self":[{"href":"https:\/\/guyduval.com\/guyduvalinc\/index.php?rest_route=\/wp\/v2\/pages\/306","targetHints":{"allow":["GET"]}}],"collection":[{"href":"https:\/\/guyduval.com\/guyduvalinc\/index.php?rest_route=\/wp\/v2\/pages"}],"about":[{"href":"https:\/\/guyduval.com\/guyduvalinc\/index.php?rest_route=\/wp\/v2\/types\/page"}],"author":[{"embeddable":true,"href":"https:\/\/guyduval.com\/guyduvalinc\/index.php?rest_route=\/wp\/v2\/users\/1"}],"replies":[{"embeddable":true,"href":"https:\/\/guyduval.com\/guyduvalinc\/index.php?rest_route=%2Fwp%2Fv2%2Fcomments&post=306"}],"version-history":[{"count":18,"href":"https:\/\/guyduval.com\/guyduvalinc\/index.php?rest_route=\/wp\/v2\/pages\/306\/revisions"}],"predecessor-version":[{"id":716,"href":"https:\/\/guyduval.com\/guyduvalinc\/index.php?rest_route=\/wp\/v2\/pages\/306\/revisions\/716"}],"wp:attachment":[{"href":"https:\/\/guyduval.com\/guyduvalinc\/index.php?rest_route=%2Fwp%2Fv2%2Fmedia&parent=306"}],"curies":[{"name":"wp","href":"https:\/\/api.w.org\/{rel}","templated":true}]}}