{"id":201,"date":"2020-09-23T08:14:03","date_gmt":"2020-09-23T12:14:03","guid":{"rendered":"https:\/\/guyduval.com\/guyduvalinc\/?page_id=201"},"modified":"2026-02-24T09:43:21","modified_gmt":"2026-02-24T14:43:21","slug":"onvio","status":"publish","type":"page","link":"https:\/\/guyduval.com\/guyduvalinc\/?page_id=201","title":{"rendered":"Onvio"},"content":{"rendered":"\t\t<div data-elementor-type=\"wp-page\" data-elementor-id=\"201\" class=\"elementor elementor-201\">\n\t\t\t\t<div class=\"elementor-element elementor-element-f5fd50d e-flex e-con-boxed e-con e-parent\" data-id=\"f5fd50d\" data-element_type=\"container\">\n\t\t\t\t\t<div class=\"e-con-inner\">\n\t\t\t\t<div class=\"elementor-element elementor-element-d719be5 elementor-widget elementor-widget-text-editor\" data-id=\"d719be5\" data-element_type=\"widget\" data-widget_type=\"text-editor.default\">\n\t\t\t\t\t\t\t\t\t<p data-start=\"171\" data-end=\"217\"><strong data-start=\"171\" data-end=\"213\">Simplifiez votre exp\u00e9rience avec Onvio<\/strong> \u2728<\/p><p data-start=\"219\" data-end=\"375\">Nous mettons \u00e0 votre disposition la plateforme <strong data-start=\"266\" data-end=\"275\">Onvio<\/strong>, un espace en ligne simple, s\u00e9curitaire et accessible en tout temps. Gr\u00e2ce \u00e0 Onvio, vous pouvez :<\/p><ul data-start=\"377\" data-end=\"633\"><li data-start=\"377\" data-end=\"446\"><p data-start=\"379\" data-end=\"446\"><strong data-start=\"379\" data-end=\"404\">D\u00e9poser vos documents<\/strong> facilement et en toute confidentialit\u00e9.<\/p><\/li><li data-start=\"447\" data-end=\"505\"><p data-start=\"449\" data-end=\"505\">Proc\u00e9der \u00e0 vos signatures \u00e9lectroniques.<\/p><\/li><li data-start=\"506\" data-end=\"580\"><p data-start=\"508\" data-end=\"580\"><strong data-start=\"508\" data-end=\"531\">\u00c9changer rapidement<\/strong> avec notre \u00e9quipe, sans avoir \u00e0 vous d\u00e9placer.<\/p><\/li><li data-start=\"581\" data-end=\"633\"><p data-start=\"583\" data-end=\"633\">Profiter d\u2019un acc\u00e8s <strong data-start=\"603\" data-end=\"630\">24\/7, o\u00f9 que vous soyez<\/strong>.<\/p><\/li><\/ul><p data-start=\"635\" data-end=\"794\">Avec Onvio, vous gagnez du temps et vous conservez une tranquillit\u00e9 d\u2019esprit, sachant que vos informations sont prot\u00e9g\u00e9es par des normes de s\u00e9curit\u00e9 \u00e9lev\u00e9es.<\/p><p data-start=\"796\" data-end=\"926\">\ud83d\udc49 Si vous n\u2019avez pas encore activ\u00e9 votre acc\u00e8s, contactez-nous : nous serons heureux de vous transmettre votre invitation par courriel.<br \/><br \/><strong data-start=\"171\" data-end=\"213\">\u00a0 \u00a0\u00a0 \u00a0\u00a0 \u00a0\u00a0 \u00a0\u00a0 \u00a0\u00a0 \u00a0\u00a0 \u00a0\u00a0 \u00a0\u00a0 \u00a0\u00a0 \u00a0\u00a0 \u00a0\u00a0 \u00a0\u00a0 \u00a0\u00a0 \u00a0\u00a0 \u00a0\u00a0 \u00a0\u00a0 \u00a0\u00a0 \u00a0\u00a0 \u00a0\u00a0 \u00a0\u00a0 \u00a0\u00a0 \u00a0\u00a0 \u00a0\u00a0 \u00a0\u00a0 \u00a0\u00a0 \u00a0\u00a0 \u00a0\u00a0 \u00a0\u00a0 \u00a0\u00a0 \u00a0\u00a0 \u00a0\u00a0 \u00a0\u00a0 \u00a0\u00a0 \u00a0\u00a0 \u00a0\u00a0 \u00a0\u00a0 \u00a0\u00a0 \u00a0\u00a0 \u00a0\u00a0 \u00a0\u00a0 \u00a0\u00a0 \u00a0\u00a0 \u00a0\u00a0 \u00a0\u00a0 \u00a0\u00a0 <a href=\"https:\/\/onvio.ca\/\">Cliquez ici <\/a><br \/><br \/><\/strong><\/p>\t\t\t\t\t\t\t\t<\/div>\n\t\t\t\t<div class=\"elementor-element elementor-element-16d5822 elementor-widget elementor-widget-video\" data-id=\"16d5822\" data-element_type=\"widget\" data-settings=\"{&quot;video_type&quot;:&quot;hosted&quot;,&quot;controls&quot;:&quot;yes&quot;}\" data-widget_type=\"video.default\">\n\t\t\t\t\t\t\t<div class=\"e-hosted-video elementor-wrapper elementor-open-inline\">\n\t\t\t\t\t<video class=\"elementor-video\" src=\"https:\/\/guyduval.com\/guyduvalinc\/wp-content\/uploads\/2022\/02\/Mon-film-2-1.MOV.mp4\" controls=\"\" preload=\"metadata\" controlsList=\"nodownload\"><\/video>\n\t\t\t\t<\/div>\n\t\t\t\t\t\t<\/div>\n\t\t\t\t\t<\/div>\n\t\t\t\t<\/div>\n\t\t<div class=\"elementor-element elementor-element-dc9865f e-flex e-con-boxed e-con e-parent\" data-id=\"dc9865f\" data-element_type=\"container\">\n\t\t\t\t\t<div class=\"e-con-inner\">\n\t\t\t\t\t<\/div>\n\t\t\t\t<\/div>\n\t\t\t\t<\/div>\n\t\t","protected":false},"excerpt":{"rendered":"<p>Simplifiez votre exp\u00e9rience avec Onvio \u2728 Nous mettons \u00e0 votre disposition la plateforme Onvio, un espace en ligne simple, s\u00e9curitaire et accessible en tout temps. Gr\u00e2ce \u00e0 Onvio, vous pouvez : D\u00e9poser vos documents facilement et en toute confidentialit\u00e9. Proc\u00e9der \u00e0 vos signatures \u00e9lectroniques. \u00c9changer rapidement avec notre \u00e9quipe, sans &hellip;<\/p>\n","protected":false},"author":1,"featured_media":184,"parent":0,"menu_order":0,"comment_status":"closed","ping_status":"closed","template":"","meta":{"footnotes":""},"class_list":["post-201","page","type-page","status-publish","has-post-thumbnail","hentry"],"_links":{"self":[{"href":"https:\/\/guyduval.com\/guyduvalinc\/index.php?rest_route=\/wp\/v2\/pages\/201","targetHints":{"allow":["GET"]}}],"collection":[{"href":"https:\/\/guyduval.com\/guyduvalinc\/index.php?rest_route=\/wp\/v2\/pages"}],"about":[{"href":"https:\/\/guyduval.com\/guyduvalinc\/index.php?rest_route=\/wp\/v2\/types\/page"}],"author":[{"embeddable":true,"href":"https:\/\/guyduval.com\/guyduvalinc\/index.php?rest_route=\/wp\/v2\/users\/1"}],"replies":[{"embeddable":true,"href":"https:\/\/guyduval.com\/guyduvalinc\/index.php?rest_route=%2Fwp%2Fv2%2Fcomments&post=201"}],"version-history":[{"count":21,"href":"https:\/\/guyduval.com\/guyduvalinc\/index.php?rest_route=\/wp\/v2\/pages\/201\/revisions"}],"predecessor-version":[{"id":728,"href":"https:\/\/guyduval.com\/guyduvalinc\/index.php?rest_route=\/wp\/v2\/pages\/201\/revisions\/728"}],"wp:featuredmedia":[{"embeddable":true,"href":"https:\/\/guyduval.com\/guyduvalinc\/index.php?rest_route=\/wp\/v2\/media\/184"}],"wp:attachment":[{"href":"https:\/\/guyduval.com\/guyduvalinc\/index.php?rest_route=%2Fwp%2Fv2%2Fmedia&parent=201"}],"curies":[{"name":"wp","href":"https:\/\/api.w.org\/{rel}","templated":true}]}}